{"id":312,"date":"2024-10-04T15:19:54","date_gmt":"2024-10-04T13:19:54","guid":{"rendered":"http:\/\/boguszyce.archidiecezja.wroc.pl\/?page_id=312"},"modified":"2026-01-02T21:54:57","modified_gmt":"2026-01-02T20:54:57","slug":"porzadek-mszy-sw","status":"publish","type":"page","link":"http:\/\/boguszyce.archidiecezja.wroc.pl\/?page_id=312","title":{"rendered":"Porz\u0105dek mszy \u015bw. niedzielnej"},"content":{"rendered":"\n<ul>\n<li>8:00 &#8211; Brzezinka<\/li>\n\n\n\n<li>9:30 &#8211; Soko\u0142owice<\/li>\n\n\n\n<li>11:00 &#8211; Boguszyce-Osiedle<\/li>\n\n\n\n<li>12:30 &#8211; Boguszyce &#8211; ko\u015bci\u00f3\u0142 parafialny<\/li>\n<\/ul>\n\n\n\n<p><\/p>\n","protected":false},"excerpt":{"rendered":"","protected":false},"author":2,"featured_media":0,"parent":0,"menu_order":0,"comment_status":"closed","ping_status":"closed","template":"","meta":[],"_links":{"self":[{"href":"http:\/\/boguszyce.archidiecezja.wroc.pl\/index.php?rest_route=\/wp\/v2\/pages\/312"}],"collection":[{"href":"http:\/\/boguszyce.archidiecezja.wroc.pl\/index.php?rest_route=\/wp\/v2\/pages"}],"about":[{"href":"http:\/\/boguszyce.archidiecezja.wroc.pl\/index.php?rest_route=\/wp\/v2\/types\/page"}],"author":[{"embeddable":true,"href":"http:\/\/boguszyce.archidiecezja.wroc.pl\/index.php?rest_route=\/wp\/v2\/users\/2"}],"replies":[{"embeddable":true,"href":"http:\/\/boguszyce.archidiecezja.wroc.pl\/index.php?rest_route=%2Fwp%2Fv2%2Fcomments&post=312"}],"version-history":[{"count":2,"href":"http:\/\/boguszyce.archidiecezja.wroc.pl\/index.php?rest_route=\/wp\/v2\/pages\/312\/revisions"}],"predecessor-version":[{"id":412,"href":"http:\/\/boguszyce.archidiecezja.wroc.pl\/index.php?rest_route=\/wp\/v2\/pages\/312\/revisions\/412"}],"wp:attachment":[{"href":"http:\/\/boguszyce.archidiecezja.wroc.pl\/index.php?rest_route=%2Fwp%2Fv2%2Fmedia&parent=312"}],"curies":[{"name":"wp","href":"https:\/\/api.w.org\/{rel}","templated":true}]}}