{"id":203,"date":"2020-10-29T10:47:06","date_gmt":"2020-10-29T09:47:06","guid":{"rendered":"http:\/\/boguszyce.archidiecezja.wroc.pl\/?page_id=203"},"modified":"2026-01-02T21:54:26","modified_gmt":"2026-01-02T20:54:26","slug":"pogrzeb","status":"publish","type":"page","link":"http:\/\/boguszyce.archidiecezja.wroc.pl\/?page_id=203","title":{"rendered":"Pogrzeb"},"content":{"rendered":"\n<p>Dokumenty potrzebne do chrze\u015bcija\u0144skiego pogrzebu:<\/p>\n\n\n\n<ul>\n<li>akt zgonu (z Urz\u0119du Stanu Cywilnego);<\/li>\n\n\n\n<li>karta zgonu (wydana przez lekarza);&nbsp;<\/li>\n\n\n\n<li>zgoda na pogrzeb w\u00a0parafii (dot. zmar\u0142ych spoza parafii);<\/li>\n\n\n\n<li>za\u015bwiadczenie o\u00a0udzieleniu sakramentu chorych i\u00a0wiatyku (Komunii \u015bwi\u0119tej), je\u015bli zgon nast\u0105pi\u0142 poza parafi\u0105 lub w\u00a0szpitalu.<\/li>\n<\/ul>\n","protected":false},"excerpt":{"rendered":"<p>Dokumenty potrzebne do chrze\u015bcija\u0144skiego pogrzebu:<\/p>\n","protected":false},"author":2,"featured_media":0,"parent":0,"menu_order":0,"comment_status":"closed","ping_status":"closed","template":"","meta":[],"_links":{"self":[{"href":"http:\/\/boguszyce.archidiecezja.wroc.pl\/index.php?rest_route=\/wp\/v2\/pages\/203"}],"collection":[{"href":"http:\/\/boguszyce.archidiecezja.wroc.pl\/index.php?rest_route=\/wp\/v2\/pages"}],"about":[{"href":"http:\/\/boguszyce.archidiecezja.wroc.pl\/index.php?rest_route=\/wp\/v2\/types\/page"}],"author":[{"embeddable":true,"href":"http:\/\/boguszyce.archidiecezja.wroc.pl\/index.php?rest_route=\/wp\/v2\/users\/2"}],"replies":[{"embeddable":true,"href":"http:\/\/boguszyce.archidiecezja.wroc.pl\/index.php?rest_route=%2Fwp%2Fv2%2Fcomments&post=203"}],"version-history":[{"count":2,"href":"http:\/\/boguszyce.archidiecezja.wroc.pl\/index.php?rest_route=\/wp\/v2\/pages\/203\/revisions"}],"predecessor-version":[{"id":411,"href":"http:\/\/boguszyce.archidiecezja.wroc.pl\/index.php?rest_route=\/wp\/v2\/pages\/203\/revisions\/411"}],"wp:attachment":[{"href":"http:\/\/boguszyce.archidiecezja.wroc.pl\/index.php?rest_route=%2Fwp%2Fv2%2Fmedia&parent=203"}],"curies":[{"name":"wp","href":"https:\/\/api.w.org\/{rel}","templated":true}]}}