{"id":198,"date":"2020-10-29T10:13:11","date_gmt":"2020-10-29T09:13:11","guid":{"rendered":"http:\/\/boguszyce.archidiecezja.wroc.pl\/?page_id=198"},"modified":"2020-10-29T10:16:04","modified_gmt":"2020-10-29T09:16:04","slug":"chrzest","status":"publish","type":"page","link":"http:\/\/boguszyce.archidiecezja.wroc.pl\/?page_id=198","title":{"rendered":"Chrzest"},"content":{"rendered":"\n<p><strong>Przed wizyt\u0105 w&nbsp;<strong>kancelarii parafialnej<\/strong>&nbsp;przygotujcie nast\u0119puj\u0105ce&nbsp;<strong>dokumenty potrzebne<\/strong>&nbsp;do zg\u0142oszenia dziecka do przyj\u0119cia&nbsp;<strong>chrztu<\/strong>:<\/strong><\/p>\n\n\n\n<ul id=\"block-bf231bf4-bcad-416a-b4fe-1d9bdd36c05e\"><li>akt urodzenia dziecka z Urz\u0119du Stanu Cywilnego.<\/li><li>\u015bwiadectwo \u015blubu ko\u015bcielnego rodzic\u00f3w dziecka.<\/li><li>dane rodzic\u00f3w chrzestnych (imiona i nazwiska, daty urodzenia i adresy zamieszkania)<\/li><\/ul>\n","protected":false},"excerpt":{"rendered":"<p>Przed wizyt\u0105 w&nbsp;kancelarii parafialnej&nbsp;przygotujcie nast\u0119puj\u0105ce&nbsp;dokumenty potrzebne&nbsp;do zg\u0142oszenia dziecka do przyj\u0119cia&nbsp;chrztu: akt urodzenia dziecka z Urz\u0119du Stanu Cywilnego. \u015bwiadectwo \u015blubu ko\u015bcielnego rodzic\u00f3w dziecka. dane rodzic\u00f3w chrzestnych<\/p>\n","protected":false},"author":2,"featured_media":0,"parent":0,"menu_order":0,"comment_status":"closed","ping_status":"closed","template":"","meta":[],"_links":{"self":[{"href":"http:\/\/boguszyce.archidiecezja.wroc.pl\/index.php?rest_route=\/wp\/v2\/pages\/198"}],"collection":[{"href":"http:\/\/boguszyce.archidiecezja.wroc.pl\/index.php?rest_route=\/wp\/v2\/pages"}],"about":[{"href":"http:\/\/boguszyce.archidiecezja.wroc.pl\/index.php?rest_route=\/wp\/v2\/types\/page"}],"author":[{"embeddable":true,"href":"http:\/\/boguszyce.archidiecezja.wroc.pl\/index.php?rest_route=\/wp\/v2\/users\/2"}],"replies":[{"embeddable":true,"href":"http:\/\/boguszyce.archidiecezja.wroc.pl\/index.php?rest_route=%2Fwp%2Fv2%2Fcomments&post=198"}],"version-history":[{"count":2,"href":"http:\/\/boguszyce.archidiecezja.wroc.pl\/index.php?rest_route=\/wp\/v2\/pages\/198\/revisions"}],"predecessor-version":[{"id":200,"href":"http:\/\/boguszyce.archidiecezja.wroc.pl\/index.php?rest_route=\/wp\/v2\/pages\/198\/revisions\/200"}],"wp:attachment":[{"href":"http:\/\/boguszyce.archidiecezja.wroc.pl\/index.php?rest_route=%2Fwp%2Fv2%2Fmedia&parent=198"}],"curies":[{"name":"wp","href":"https:\/\/api.w.org\/{rel}","templated":true}]}}